{"id":23,"date":"2025-01-22T14:39:14","date_gmt":"2025-01-22T13:39:14","guid":{"rendered":"https:\/\/lenvoldespossibles.com\/?page_id=23"},"modified":"2025-07-27T22:49:52","modified_gmt":"2025-07-27T20:49:52","slug":"contact","status":"publish","type":"page","link":"https:\/\/lenvoldespossibles.com\/index.php\/contact\/","title":{"rendered":"Contact"},"content":{"rendered":"\t\t<div data-elementor-type=\"wp-page\" data-elementor-id=\"23\" class=\"elementor elementor-23\">\n\t\t\t\t<div class=\"elementor-element elementor-element-b67e7ce e-flex e-con-boxed e-con e-parent\" data-id=\"b67e7ce\" data-element_type=\"container\" data-e-type=\"container\">\n\t\t\t\t\t<div class=\"e-con-inner\">\n\t\t\t\t<div class=\"elementor-element elementor-element-587b598 elementor-widget elementor-widget-heading\" data-id=\"587b598\" data-element_type=\"widget\" data-e-type=\"widget\" data-widget_type=\"heading.default\">\n\t\t\t\t<div class=\"elementor-widget-container\">\n\t\t\t\t\t<h2 class=\"elementor-heading-title elementor-size-default\">Contactez-Nous<\/h2>\t\t\t\t<\/div>\n\t\t\t\t<\/div>\n\t\t\t\t\t<\/div>\n\t\t\t\t<\/div>\n\t\t<div class=\"elementor-element elementor-element-c9a6597 e-flex e-con-boxed e-con e-parent\" data-id=\"c9a6597\" data-element_type=\"container\" data-e-type=\"container\">\n\t\t\t\t\t<div class=\"e-con-inner\">\n\t\t\t\t<div class=\"elementor-element elementor-element-addeb5e elementor-widget-divider--view-line elementor-widget elementor-widget-divider\" data-id=\"addeb5e\" data-element_type=\"widget\" data-e-type=\"widget\" data-widget_type=\"divider.default\">\n\t\t\t\t<div class=\"elementor-widget-container\">\n\t\t\t\t\t\t\t<div class=\"elementor-divider\">\n\t\t\t<span class=\"elementor-divider-separator\">\n\t\t\t\t\t\t<\/span>\n\t\t<\/div>\n\t\t\t\t\t\t<\/div>\n\t\t\t\t<\/div>\n\t\t\t\t\t<\/div>\n\t\t\t\t<\/div>\n\t\t<div class=\"elementor-element elementor-element-6e719c1 e-flex e-con-boxed e-con e-parent\" data-id=\"6e719c1\" data-element_type=\"container\" data-e-type=\"container\">\n\t\t\t\t\t<div class=\"e-con-inner\">\n\t\t\t\t<div class=\"elementor-element elementor-element-28a032d elementor-widget elementor-widget-text-editor\" data-id=\"28a032d\" data-element_type=\"widget\" data-e-type=\"widget\" data-widget_type=\"text-editor.default\">\n\t\t\t\t<div class=\"elementor-widget-container\">\n\t\t\t\t\t\t\t\t\t<p><strong>Vous souhaitez en savoir plus sur notre association ?<\/strong><br data-start=\"204\" data-end=\"207\" \/>Que vous soyez parent, professionnel, m\u00e9c\u00e8ne ou simplement curieux, <strong data-start=\"275\" data-end=\"318\">nous serons ravis d\u2019\u00e9changer avec vous.<\/strong><\/p><p>\ud83d\udccd <strong>Adresse<\/strong> :<br \/><strong>Association L&rsquo;Envol de Possibles<\/strong><br \/>14 rue de la Marne, 34370 Cazouls-l\u00e8s-B\u00e9ziers.<\/p><p><strong data-start=\"49\" data-end=\"72\">Parkings conseill\u00e9s<\/strong> : parking du cimeti\u00e8re (\u00e0 1 min \u00e0 pied) ; parking de la salle Fran\u00e7ois Mitterrand (\u00e0 2 min \u00e0 pied) ; parking de l\u2019Office de tourisme \u2013 Voie verte (\u00e0 3 min \u00e0 pied)<\/p><p><img fetchpriority=\"high\" decoding=\"async\" class=\"alignnone size-medium wp-image-723\" src=\"http:\/\/lenvoldespossibles.com\/wp-content\/uploads\/2025\/06\/carte-parking-association-300x267.jpg\" alt=\"\" width=\"300\" height=\"267\" srcset=\"https:\/\/lenvoldespossibles.com\/wp-content\/uploads\/2025\/06\/carte-parking-association-300x267.jpg 300w, https:\/\/lenvoldespossibles.com\/wp-content\/uploads\/2025\/06\/carte-parking-association.jpg 488w\" sizes=\"(max-width: 300px) 100vw, 300px\" \/><\/p><p>\ud83d\udce7 <strong data-start=\"433\" data-end=\"447\">E-mail<\/strong> :<br \/><a rel=\"noopener\">contact@lenvoldespossibles.com<\/a><\/p><p>\ud83d\udcde <strong data-start=\"433\" data-end=\"447\">T\u00e9l\u00e9phone :<\/strong><br \/>06 07 08 20 96<\/p><p>\ud83d\udcf1 <strong>Suivez-nous sur les r\u00e9seaux sociaux<\/strong> :<br \/>\ud83d\udc49 <a href=\"https:\/\/www.facebook.com\/profile.php?id=61572381835272\" target=\"_blank\" rel=\"noopener\">Facebook<\/a> | <a href=\"https:\/\/www.instagram.com\/lenvoldespossibles34\" target=\"_blank\" rel=\"noopener\">Instagram<\/a><\/p>\t\t\t\t\t\t\t\t<\/div>\n\t\t\t\t<\/div>\n\t\t\t\t\t<\/div>\n\t\t\t\t<\/div>\n\t\t<div class=\"elementor-element elementor-element-a0197c0 e-con-full e-flex e-con e-parent\" data-id=\"a0197c0\" data-element_type=\"container\" data-e-type=\"container\">\n\t\t\t\t<div class=\"elementor-element elementor-element-b6b6700 elementor-widget__width-inherit elementor-widget elementor-widget-image\" data-id=\"b6b6700\" data-element_type=\"widget\" data-e-type=\"widget\" data-widget_type=\"image.default\">\n\t\t\t\t<div class=\"elementor-widget-container\">\n\t\t\t\t\t\t\t\t\t\t\t\t\t\t\t<img decoding=\"async\" width=\"851\" height=\"293\" src=\"https:\/\/lenvoldespossibles.com\/wp-content\/uploads\/2025\/01\/child-blows-soap-bubbles-facebook-cover.jpg\" class=\"attachment-full size-full wp-image-180\" alt=\"\" srcset=\"https:\/\/lenvoldespossibles.com\/wp-content\/uploads\/2025\/01\/child-blows-soap-bubbles-facebook-cover.jpg 851w, https:\/\/lenvoldespossibles.com\/wp-content\/uploads\/2025\/01\/child-blows-soap-bubbles-facebook-cover-300x103.jpg 300w, https:\/\/lenvoldespossibles.com\/wp-content\/uploads\/2025\/01\/child-blows-soap-bubbles-facebook-cover-768x264.jpg 768w\" sizes=\"(max-width: 851px) 100vw, 851px\" \/>\t\t\t\t\t\t\t\t\t\t\t\t\t\t\t<\/div>\n\t\t\t\t<\/div>\n\t\t\t\t<\/div>\n\t\t\t\t<\/div>\n\t\t","protected":false},"excerpt":{"rendered":"<p>Contactez-Nous Vous souhaitez en savoir plus sur notre association ?Que vous soyez parent, professionnel, m\u00e9c\u00e8ne ou simplement curieux, nous serons ravis d\u2019\u00e9changer avec vous. \ud83d\udccd Adresse :Association L&rsquo;Envol de Possibles14 rue de la Marne, 34370 Cazouls-l\u00e8s-B\u00e9ziers. Parkings conseill\u00e9s : parking du cimeti\u00e8re (\u00e0 1 min \u00e0 pied) ; parking de [&hellip;]<\/p>\n","protected":false},"author":1,"featured_media":0,"parent":0,"menu_order":0,"comment_status":"closed","ping_status":"closed","template":"","meta":{"_monsterinsights_skip_tracking":false,"_monsterinsights_sitenote_active":false,"_monsterinsights_sitenote_note":"","_monsterinsights_sitenote_category":0,"_uf_show_specific_survey":0,"_uf_disable_surveys":false,"footnotes":""},"class_list":["post-23","page","type-page","status-publish","hentry"],"aioseo_notices":[],"_links":{"self":[{"href":"https:\/\/lenvoldespossibles.com\/index.php\/wp-json\/wp\/v2\/pages\/23","targetHints":{"allow":["GET"]}}],"collection":[{"href":"https:\/\/lenvoldespossibles.com\/index.php\/wp-json\/wp\/v2\/pages"}],"about":[{"href":"https:\/\/lenvoldespossibles.com\/index.php\/wp-json\/wp\/v2\/types\/page"}],"author":[{"embeddable":true,"href":"https:\/\/lenvoldespossibles.com\/index.php\/wp-json\/wp\/v2\/users\/1"}],"replies":[{"embeddable":true,"href":"https:\/\/lenvoldespossibles.com\/index.php\/wp-json\/wp\/v2\/comments?post=23"}],"version-history":[{"count":40,"href":"https:\/\/lenvoldespossibles.com\/index.php\/wp-json\/wp\/v2\/pages\/23\/revisions"}],"predecessor-version":[{"id":997,"href":"https:\/\/lenvoldespossibles.com\/index.php\/wp-json\/wp\/v2\/pages\/23\/revisions\/997"}],"wp:attachment":[{"href":"https:\/\/lenvoldespossibles.com\/index.php\/wp-json\/wp\/v2\/media?parent=23"}],"curies":[{"name":"wp","href":"https:\/\/api.w.org\/{rel}","templated":true}]}}