{"id":267,"date":"2025-04-19T12:45:50","date_gmt":"2025-04-19T10:45:50","guid":{"rendered":"https:\/\/lenvoldespossibles.com\/?page_id=267"},"modified":"2026-03-12T06:31:26","modified_gmt":"2026-03-12T05:31:26","slug":"nosservices","status":"publish","type":"page","link":"https:\/\/lenvoldespossibles.com\/index.php\/nosservices\/","title":{"rendered":"Nos services"},"content":{"rendered":"\t\t<div data-elementor-type=\"wp-page\" data-elementor-id=\"267\" class=\"elementor elementor-267\">\n\t\t\t\t<div class=\"elementor-element elementor-element-06943c4 e-flex e-con-boxed e-con e-parent\" data-id=\"06943c4\" data-element_type=\"container\" data-e-type=\"container\">\n\t\t\t\t\t<div class=\"e-con-inner\">\n\t\t\t\t<div class=\"elementor-element elementor-element-e5404ce elementor-widget elementor-widget-heading\" data-id=\"e5404ce\" data-element_type=\"widget\" data-e-type=\"widget\" data-widget_type=\"heading.default\">\n\t\t\t\t<div class=\"elementor-widget-container\">\n\t\t\t\t\t<h2 class=\"elementor-heading-title elementor-size-default\">Nos services<\/h2>\t\t\t\t<\/div>\n\t\t\t\t<\/div>\n\t\t\t\t\t<\/div>\n\t\t\t\t<\/div>\n\t\t<div class=\"elementor-element elementor-element-f15f277 e-flex e-con-boxed e-con e-parent\" data-id=\"f15f277\" data-element_type=\"container\" data-e-type=\"container\">\n\t\t\t\t\t<div class=\"e-con-inner\">\n\t\t\t\t<div class=\"elementor-element elementor-element-de47310 elementor-widget-divider--view-line elementor-widget elementor-widget-divider\" data-id=\"de47310\" data-element_type=\"widget\" data-e-type=\"widget\" data-widget_type=\"divider.default\">\n\t\t\t\t<div class=\"elementor-widget-container\">\n\t\t\t\t\t\t\t<div class=\"elementor-divider\">\n\t\t\t<span class=\"elementor-divider-separator\">\n\t\t\t\t\t\t<\/span>\n\t\t<\/div>\n\t\t\t\t\t\t<\/div>\n\t\t\t\t<\/div>\n\t\t\t\t\t<\/div>\n\t\t\t\t<\/div>\n\t\t<div class=\"elementor-element elementor-element-c45586f e-flex e-con-boxed e-con e-parent\" data-id=\"c45586f\" data-element_type=\"container\" data-e-type=\"container\">\n\t\t\t\t\t<div class=\"e-con-inner\">\n\t\t\t\t<div class=\"elementor-element elementor-element-1f5b75c elementor-widget elementor-widget-text-editor\" data-id=\"1f5b75c\" data-element_type=\"widget\" data-e-type=\"widget\" data-widget_type=\"text-editor.default\">\n\t\t\t\t<div class=\"elementor-widget-container\">\n\t\t\t\t\t\t\t\t\t<p>\u00c0 L&rsquo;Envol des Possibles, nous offrons des accompagnements personnalis\u00e9s pour les enfants et leurs familles, avec des tarifs avantageux pour nos adh\u00e9rents et plusieurs services accessibles gratuitement.<\/p>\t\t\t\t\t\t\t\t<\/div>\n\t\t\t\t<\/div>\n\t\t\t\t\t<\/div>\n\t\t\t\t<\/div>\n\t\t<div class=\"elementor-element elementor-element-b4f6065 e-flex e-con-boxed e-con e-parent\" data-id=\"b4f6065\" data-element_type=\"container\" data-e-type=\"container\">\n\t\t\t\t\t<div class=\"e-con-inner\">\n\t\t<div class=\"elementor-element elementor-element-71b1c53 e-con-full e-flex e-con e-child\" data-id=\"71b1c53\" data-element_type=\"container\" data-e-type=\"container\">\n\t\t\t\t<div class=\"elementor-element elementor-element-58a0088 elementor-widget elementor-widget-image\" data-id=\"58a0088\" data-element_type=\"widget\" data-e-type=\"widget\" data-widget_type=\"image.default\">\n\t\t\t\t<div class=\"elementor-widget-container\">\n\t\t\t\t\t\t\t\t\t\t\t\t\t\t\t<img fetchpriority=\"high\" decoding=\"async\" width=\"500\" height=\"380\" src=\"https:\/\/lenvoldespossibles.com\/wp-content\/uploads\/2025\/04\/PXL_20240910_105930608-EDIT-quj8zjfeq9cm9gr1l46iujsmu2jnav1u1abk3h2l08.jpg\" class=\"attachment-large size-large wp-image-349\" alt=\"\" srcset=\"https:\/\/lenvoldespossibles.com\/wp-content\/uploads\/2025\/04\/PXL_20240910_105930608-EDIT-quj8zjfeq9cm9gr1l46iujsmu2jnav1u1abk3h2l08.jpg 500w, https:\/\/lenvoldespossibles.com\/wp-content\/uploads\/2025\/04\/PXL_20240910_105930608-EDIT-quj8zjfeq9cm9gr1l46iujsmu2jnav1u1abk3h2l08-300x228.jpg 300w\" sizes=\"(max-width: 500px) 100vw, 500px\" \/>\t\t\t\t\t\t\t\t\t\t\t\t\t\t\t<\/div>\n\t\t\t\t<\/div>\n\t\t\t\t<\/div>\n\t\t<div class=\"elementor-element elementor-element-6e3e51c e-con-full e-flex e-con e-child\" data-id=\"6e3e51c\" data-element_type=\"container\" data-e-type=\"container\">\n\t\t\t\t<div class=\"elementor-element elementor-element-28ca619 elementor-widget elementor-widget-text-editor\" data-id=\"28ca619\" data-element_type=\"widget\" data-e-type=\"widget\" data-widget_type=\"text-editor.default\">\n\t\t\t\t<div class=\"elementor-widget-container\">\n\t\t\t\t\t\t\t\t\t<div class=\"elementor-element elementor-element-ffcd477 e-con-full e-flex e-con e-child\" data-id=\"ffcd477\" data-element_type=\"container\"><div class=\"elementor-element elementor-element-f91bcaf elementor-widget elementor-widget-text-editor\" data-id=\"f91bcaf\" data-element_type=\"widget\" data-widget_type=\"text-editor.default\"><div class=\"elementor-widget-container\"><p><strong>\ud83c\udf08 Accompagnement p\u00e9dagogique<\/strong><br \/><span class=\"OYPEnA font-feature-liga-off font-feature-clig-off font-feature-calt-off text-decoration-none text-strikethrough-none\">\u2705 <strong>Dur\u00e9e :<\/strong><\/span><span class=\"OYPEnA font-feature-liga-off font-feature-clig-off font-feature-calt-off text-decoration-none text-strikethrough-none\"> 1h (45 min de s\u00e9ance + temps d\u2019accueil et bilan)<\/span><br \/><strong><span class=\"OYPEnA font-feature-liga-off font-feature-clig-off font-feature-calt-off text-decoration-none text-strikethrough-none\">\u2705<\/span> Tarif membre<\/strong> : 20\u20ac<\/p><p><strong><span class=\"OYPEnA font-feature-liga-off font-feature-clig-off font-feature-calt-off text-decoration-none text-strikethrough-none\">Suivi individualis\u00e9 pour accompagner l\u2019enfant, favoriser ses apprentissages et renforcer son autonomie dans un cadre bienveillant.\u00a0<\/span><\/strong><\/p><p>\u2728<em> Possibilit\u00e9 d\u2019inclure un temps de Jeux et Motricit\u00e9 ou de s\u00e9ance bien-\u00eatre Snoezelen selon les besoins et sans suppl\u00e9ment.<\/em><\/p><\/div><\/div><\/div>\t\t\t\t\t\t\t\t<\/div>\n\t\t\t\t<\/div>\n\t\t\t\t<\/div>\n\t\t\t\t\t<\/div>\n\t\t\t\t<\/div>\n\t\t<div class=\"elementor-element elementor-element-632af93 e-flex e-con-boxed e-con e-parent\" data-id=\"632af93\" data-element_type=\"container\" data-e-type=\"container\">\n\t\t\t\t\t<div class=\"e-con-inner\">\n\t\t<div class=\"elementor-element elementor-element-a1f66dd e-con-full e-flex e-con e-child\" data-id=\"a1f66dd\" data-element_type=\"container\" data-e-type=\"container\">\n\t\t\t\t<div class=\"elementor-element elementor-element-6f4193b elementor-widget elementor-widget-image\" data-id=\"6f4193b\" data-element_type=\"widget\" data-e-type=\"widget\" data-widget_type=\"image.default\">\n\t\t\t\t<div class=\"elementor-widget-container\">\n\t\t\t\t\t\t\t\t\t\t\t\t\t\t\t<img decoding=\"async\" width=\"500\" height=\"400\" src=\"https:\/\/lenvoldespossibles.com\/wp-content\/uploads\/2025\/04\/Faut-il-continuer-a-donner-des-devoirs-a-la-maison-r0v308u4z7fen8518kz1vxkc7snhobmcs6q9z6lcio.jpg\" class=\"attachment-large size-large wp-image-346\" alt=\"\" srcset=\"https:\/\/lenvoldespossibles.com\/wp-content\/uploads\/2025\/04\/Faut-il-continuer-a-donner-des-devoirs-a-la-maison-r0v308u4z7fen8518kz1vxkc7snhobmcs6q9z6lcio.jpg 500w, https:\/\/lenvoldespossibles.com\/wp-content\/uploads\/2025\/04\/Faut-il-continuer-a-donner-des-devoirs-a-la-maison-r0v308u4z7fen8518kz1vxkc7snhobmcs6q9z6lcio-300x240.jpg 300w\" sizes=\"(max-width: 500px) 100vw, 500px\" \/>\t\t\t\t\t\t\t\t\t\t\t\t\t\t\t<\/div>\n\t\t\t\t<\/div>\n\t\t\t\t<\/div>\n\t\t<div class=\"elementor-element elementor-element-e98d4f3 e-con-full e-flex e-con e-child\" data-id=\"e98d4f3\" data-element_type=\"container\" data-e-type=\"container\">\n\t\t\t\t<div class=\"elementor-element elementor-element-ac68958 elementor-widget elementor-widget-text-editor\" data-id=\"ac68958\" data-element_type=\"widget\" data-e-type=\"widget\" data-widget_type=\"text-editor.default\">\n\t\t\t\t<div class=\"elementor-widget-container\">\n\t\t\t\t\t\t\t\t\t<p><strong>\ud83c\udf08 Aide aux devoirs<\/strong><br \/><span class=\"OYPEnA font-feature-liga-off font-feature-clig-off font-feature-calt-off text-decoration-none text-strikethrough-none\">\u2705 <strong>Dur\u00e9e :<\/strong><\/span><span class=\"OYPEnA font-feature-liga-off font-feature-clig-off font-feature-calt-off text-decoration-none text-strikethrough-none\"> 1h (45 min de s\u00e9ance + temps d\u2019accueil et bilan)<\/span><br \/><strong><span class=\"OYPEnA font-feature-liga-off font-feature-clig-off font-feature-calt-off text-decoration-none text-strikethrough-none\">\u2705<\/span> Tarif membre<\/strong> : 20\u20ac<\/p><p>\ud83d\udcda <strong>Les devoirs sont une source de stress \u00e0 la maison ?<\/strong> \u00c0 <strong>L&rsquo;Envol des Possibles<\/strong>, nous offrons un accompagnement bienveillant et adapt\u00e9 pour aider chaque enfant \u00e0 progresser sereinement.<\/p><p>\u2728<em> Possibilit\u00e9 d\u2019inclure un temps de Jeux et Motricit\u00e9 ou de s\u00e9ance bien-\u00eatre Snoezelen selon les besoins et sans suppl\u00e9ment.<\/em><\/p>\t\t\t\t\t\t\t\t<\/div>\n\t\t\t\t<\/div>\n\t\t\t\t<\/div>\n\t\t\t\t\t<\/div>\n\t\t\t\t<\/div>\n\t\t<div class=\"elementor-element elementor-element-6c0bc07 e-flex e-con-boxed e-con e-parent\" data-id=\"6c0bc07\" data-element_type=\"container\" data-e-type=\"container\">\n\t\t\t\t\t<div class=\"e-con-inner\">\n\t\t<div class=\"elementor-element elementor-element-add6fc1 e-con-full e-flex e-con e-child\" data-id=\"add6fc1\" data-element_type=\"container\" data-e-type=\"container\">\n\t\t\t\t<div class=\"elementor-element elementor-element-0ffffe0 elementor-widget elementor-widget-image\" data-id=\"0ffffe0\" data-element_type=\"widget\" data-e-type=\"widget\" data-widget_type=\"image.default\">\n\t\t\t\t<div class=\"elementor-widget-container\">\n\t\t\t\t\t\t\t\t\t\t\t\t\t\t\t<img decoding=\"async\" width=\"500\" height=\"350\" src=\"https:\/\/lenvoldespossibles.com\/wp-content\/uploads\/2025\/04\/PXL_20241006_163544273-qw8n4isii9t3myz0o70xryzf6lc8x9x7fc8gyfbkbw.jpg\" class=\"attachment-large size-large wp-image-350\" alt=\"\" srcset=\"https:\/\/lenvoldespossibles.com\/wp-content\/uploads\/2025\/04\/PXL_20241006_163544273-qw8n4isii9t3myz0o70xryzf6lc8x9x7fc8gyfbkbw.jpg 500w, https:\/\/lenvoldespossibles.com\/wp-content\/uploads\/2025\/04\/PXL_20241006_163544273-qw8n4isii9t3myz0o70xryzf6lc8x9x7fc8gyfbkbw-300x210.jpg 300w\" sizes=\"(max-width: 500px) 100vw, 500px\" \/>\t\t\t\t\t\t\t\t\t\t\t\t\t\t\t<\/div>\n\t\t\t\t<\/div>\n\t\t\t\t<\/div>\n\t\t<div class=\"elementor-element elementor-element-694ccda e-con-full e-flex e-con e-child\" data-id=\"694ccda\" data-element_type=\"container\" data-e-type=\"container\">\n\t\t\t\t<div class=\"elementor-element elementor-element-8dd0fb3 elementor-widget elementor-widget-text-editor\" data-id=\"8dd0fb3\" data-element_type=\"widget\" data-e-type=\"widget\" data-widget_type=\"text-editor.default\">\n\t\t\t\t<div class=\"elementor-widget-container\">\n\t\t\t\t\t\t\t\t\t<p><strong>\ud83c\udf08 Jeux et Motricit\u00e9<\/strong><br \/><span class=\"OYPEnA font-feature-liga-off font-feature-clig-off font-feature-calt-off text-decoration-none text-strikethrough-none\">\u2705 <strong>Dur\u00e9e :<\/strong><\/span><span class=\"OYPEnA font-feature-liga-off font-feature-clig-off font-feature-calt-off text-decoration-none text-strikethrough-none\"> 1h (45 min de s\u00e9ance + temps d\u2019accueil et bilan)<\/span><br \/><strong><span class=\"OYPEnA font-feature-liga-off font-feature-clig-off font-feature-calt-off text-decoration-none text-strikethrough-none\">\u2705<\/span> Tarif membre<\/strong> : 20\u20ac<br \/><strong>Soutient la motricit\u00e9, la coordination et l\u2019\u00e9quilibre, tout en renfor\u00e7ant la confiance en soi et le bien-\u00eatre des enfants. Ces activit\u00e9s ludiques favorisent le d\u00e9veloppement sensorimoteur dans un cadre bienveillant et stimulant.<\/strong><\/p><p>\u2728<em> Possibilit\u00e9 d\u2019inclure un temps de s\u00e9ance bien-\u00eatre Snoezelen selon les besoins et sans suppl\u00e9ment.<\/em><\/p>\t\t\t\t\t\t\t\t<\/div>\n\t\t\t\t<\/div>\n\t\t\t\t<\/div>\n\t\t\t\t\t<\/div>\n\t\t\t\t<\/div>\n\t\t<div class=\"elementor-element elementor-element-043316d e-flex e-con-boxed e-con e-parent\" data-id=\"043316d\" data-element_type=\"container\" data-e-type=\"container\">\n\t\t\t\t\t<div class=\"e-con-inner\">\n\t\t<div class=\"elementor-element elementor-element-c435d5d e-con-full e-flex e-con e-child\" data-id=\"c435d5d\" data-element_type=\"container\" data-e-type=\"container\">\n\t\t\t\t<div class=\"elementor-element elementor-element-5835a8f elementor-widget elementor-widget-image\" data-id=\"5835a8f\" data-element_type=\"widget\" data-e-type=\"widget\" data-widget_type=\"image.default\">\n\t\t\t\t<div class=\"elementor-widget-container\">\n\t\t\t\t\t\t\t\t\t\t\t\t\t\t\t<img loading=\"lazy\" decoding=\"async\" width=\"500\" height=\"350\" src=\"https:\/\/lenvoldespossibles.com\/wp-content\/uploads\/2025\/04\/PXL_20240811_152450437-EDIT-1-scaled-qsgp0rl65m1x0xinf2gq1c6bu0d10iqtuwy7xynuzw.jpg\" class=\"attachment-large size-large wp-image-348\" alt=\"\" srcset=\"https:\/\/lenvoldespossibles.com\/wp-content\/uploads\/2025\/04\/PXL_20240811_152450437-EDIT-1-scaled-qsgp0rl65m1x0xinf2gq1c6bu0d10iqtuwy7xynuzw.jpg 500w, https:\/\/lenvoldespossibles.com\/wp-content\/uploads\/2025\/04\/PXL_20240811_152450437-EDIT-1-scaled-qsgp0rl65m1x0xinf2gq1c6bu0d10iqtuwy7xynuzw-300x210.jpg 300w\" sizes=\"(max-width: 500px) 100vw, 500px\" \/>\t\t\t\t\t\t\t\t\t\t\t\t\t\t\t<\/div>\n\t\t\t\t<\/div>\n\t\t\t\t<\/div>\n\t\t<div class=\"elementor-element elementor-element-2a25d55 e-con-full e-flex e-con e-child\" data-id=\"2a25d55\" data-element_type=\"container\" data-e-type=\"container\">\n\t\t\t\t<div class=\"elementor-element elementor-element-65afe26 elementor-widget elementor-widget-text-editor\" data-id=\"65afe26\" data-element_type=\"widget\" data-e-type=\"widget\" data-widget_type=\"text-editor.default\">\n\t\t\t\t<div class=\"elementor-widget-container\">\n\t\t\t\t\t\t\t\t\t<p><strong>\ud83c\udf08 S\u00e9ance bien-\u00eatre Snoezelen<\/strong><br \/><span class=\"OYPEnA font-feature-liga-off font-feature-clig-off font-feature-calt-off text-decoration-none text-strikethrough-none\">\u2705 <strong>Dur\u00e9e :<\/strong><\/span><span class=\"OYPEnA font-feature-liga-off font-feature-clig-off font-feature-calt-off text-decoration-none text-strikethrough-none\"> 1h (45 min de s\u00e9ance + temps d\u2019accueil et bilan)<\/span><br \/><strong><span class=\"OYPEnA font-feature-liga-off font-feature-clig-off font-feature-calt-off text-decoration-none text-strikethrough-none\">\u2705<\/span> Tarif membre<\/strong> : 20\u20ac<br \/>Le Snoezelen est une <strong>approche th\u00e9rapeutique combinant stimulation sensorielle et relaxation dans un espace apaisant.<\/strong> Id\u00e9al pour la <strong>r\u00e9gulation \u00e9motionnelle<\/strong>, il favorise d\u00e9tente, autonomie et interaction sociale,<strong> particuli\u00e8rement pour les enfants avec troubles neuro-d\u00e9veloppementaux.<\/strong><\/p>\t\t\t\t\t\t\t\t<\/div>\n\t\t\t\t<\/div>\n\t\t\t\t<\/div>\n\t\t\t\t\t<\/div>\n\t\t\t\t<\/div>\n\t\t<div class=\"elementor-element elementor-element-467088d e-flex e-con-boxed e-con e-parent\" data-id=\"467088d\" data-element_type=\"container\" data-e-type=\"container\">\n\t\t\t\t\t<div class=\"e-con-inner\">\n\t\t<div class=\"elementor-element elementor-element-3055e13 e-con-full e-flex e-con e-child\" data-id=\"3055e13\" data-element_type=\"container\" data-e-type=\"container\">\n\t\t\t\t<div class=\"elementor-element elementor-element-9e92be4 elementor-widget elementor-widget-image\" data-id=\"9e92be4\" data-element_type=\"widget\" data-e-type=\"widget\" data-widget_type=\"image.default\">\n\t\t\t\t<div class=\"elementor-widget-container\">\n\t\t\t\t\t\t\t\t\t\t\t\t\t\t\t<img loading=\"lazy\" decoding=\"async\" width=\"640\" height=\"480\" src=\"https:\/\/lenvoldespossibles.com\/wp-content\/uploads\/2026\/03\/adobestock-431466695-1024x768.jpeg\" class=\"attachment-large size-large wp-image-1471\" alt=\"\" srcset=\"https:\/\/lenvoldespossibles.com\/wp-content\/uploads\/2026\/03\/adobestock-431466695-1024x768.jpeg 1024w, https:\/\/lenvoldespossibles.com\/wp-content\/uploads\/2026\/03\/adobestock-431466695-300x225.jpeg 300w, https:\/\/lenvoldespossibles.com\/wp-content\/uploads\/2026\/03\/adobestock-431466695-768x576.jpeg 768w, https:\/\/lenvoldespossibles.com\/wp-content\/uploads\/2026\/03\/adobestock-431466695.jpeg 1080w\" sizes=\"(max-width: 640px) 100vw, 640px\" \/>\t\t\t\t\t\t\t\t\t\t\t\t\t\t\t<\/div>\n\t\t\t\t<\/div>\n\t\t\t\t<\/div>\n\t\t<div class=\"elementor-element elementor-element-966f76a e-con-full e-flex e-con e-child\" data-id=\"966f76a\" data-element_type=\"container\" data-e-type=\"container\">\n\t\t\t\t<div class=\"elementor-element elementor-element-d184d0f elementor-widget elementor-widget-text-editor\" data-id=\"d184d0f\" data-element_type=\"widget\" data-e-type=\"widget\" data-widget_type=\"text-editor.default\">\n\t\t\t\t<div class=\"elementor-widget-container\">\n\t\t\t\t\t\t\t\t\t<p><strong>\ud83c\udf08 Arts th\u00e9rapie<\/strong><br \/><span class=\"OYPEnA font-feature-liga-off font-feature-clig-off font-feature-calt-off text-decoration-none text-strikethrough-none\">\u2705 <strong>Dur\u00e9e :<\/strong><\/span><span class=\"OYPEnA font-feature-liga-off font-feature-clig-off font-feature-calt-off text-decoration-none text-strikethrough-none\"> 1h (45 min de s\u00e9ance + temps d\u2019accueil et bilan)<\/span><br \/><strong><span class=\"OYPEnA font-feature-liga-off font-feature-clig-off font-feature-calt-off text-decoration-none text-strikethrough-none\">\u2705<\/span> Tarif membre<\/strong> : 30\u20ac<br \/><strong data-start=\"82\" data-end=\"100\">L\u2019art-th\u00e9rapie<\/strong> permet aux enfants d\u2019<strong>exprimer leurs \u00e9motions<\/strong> et leur cr\u00e9ativit\u00e9 \u00e0 travers des activit\u00e9s artistiques (dessin, peinture, modelage\u2026). <strong>Elle favorise l\u2019apaisement, la confiance en soi et le bien-\u00eatre, tout en soutenant le d\u00e9veloppement de la communication et de l\u2019expression personnelle<\/strong> dans un cadre bienveillant et s\u00e9curisant.<\/p><p>\u2728<em> Propos\u00e9e par Pauline Singier, arts th\u00e9rapeute.<\/em><\/p>\t\t\t\t\t\t\t\t<\/div>\n\t\t\t\t<\/div>\n\t\t\t\t<\/div>\n\t\t\t\t\t<\/div>\n\t\t\t\t<\/div>\n\t\t<div class=\"elementor-element elementor-element-717cc5a e-flex e-con-boxed e-con e-parent\" data-id=\"717cc5a\" data-element_type=\"container\" data-e-type=\"container\">\n\t\t\t\t\t<div class=\"e-con-inner\">\n\t\t<div class=\"elementor-element elementor-element-f6ff4b2 e-con-full e-flex e-con e-child\" data-id=\"f6ff4b2\" data-element_type=\"container\" data-e-type=\"container\">\n\t\t\t\t<div class=\"elementor-element elementor-element-e09a92a elementor-widget elementor-widget-image\" data-id=\"e09a92a\" data-element_type=\"widget\" data-e-type=\"widget\" data-widget_type=\"image.default\">\n\t\t\t\t<div class=\"elementor-widget-container\">\n\t\t\t\t\t\t\t\t\t\t\t\t\t\t\t<img loading=\"lazy\" decoding=\"async\" width=\"500\" height=\"442\" src=\"https:\/\/lenvoldespossibles.com\/wp-content\/uploads\/2025\/04\/podd-cahierlogiciel-copie-fl-047dcdb1-a8e5-9b5b-46b5-2a10b8996588-qwadmy210uhqqq49a2c77qtbrkymifwyq4t1audvuw-1.jpg\" class=\"attachment-large size-large wp-image-362\" alt=\"\" srcset=\"https:\/\/lenvoldespossibles.com\/wp-content\/uploads\/2025\/04\/podd-cahierlogiciel-copie-fl-047dcdb1-a8e5-9b5b-46b5-2a10b8996588-qwadmy210uhqqq49a2c77qtbrkymifwyq4t1audvuw-1.jpg 500w, https:\/\/lenvoldespossibles.com\/wp-content\/uploads\/2025\/04\/podd-cahierlogiciel-copie-fl-047dcdb1-a8e5-9b5b-46b5-2a10b8996588-qwadmy210uhqqq49a2c77qtbrkymifwyq4t1audvuw-1-300x265.jpg 300w\" sizes=\"(max-width: 500px) 100vw, 500px\" \/>\t\t\t\t\t\t\t\t\t\t\t\t\t\t\t<\/div>\n\t\t\t\t<\/div>\n\t\t\t\t<\/div>\n\t\t<div class=\"elementor-element elementor-element-b6ab5f2 e-con-full e-flex e-con e-child\" data-id=\"b6ab5f2\" data-element_type=\"container\" data-e-type=\"container\">\n\t\t\t\t<div class=\"elementor-element elementor-element-fae99b8 elementor-widget elementor-widget-text-editor\" data-id=\"fae99b8\" data-element_type=\"widget\" data-e-type=\"widget\" data-widget_type=\"text-editor.default\">\n\t\t\t\t<div class=\"elementor-widget-container\">\n\t\t\t\t\t\t\t\t\t<p>\ud83c\udf08\u00a0<strong>Communication Alternative et Am\u00e9lior\u00e9e (CAA) \u2013 Atelier pour les parents (sans enfant) et les professionnels<\/strong><\/p><p>\u2705 <strong data-start=\"103\" data-end=\"112\">Dur\u00e9e<\/strong> : 1h<br data-start=\"161\" data-end=\"164\" \/>\u2705 <strong data-start=\"166\" data-end=\"184\">Tarif adh\u00e9rent<\/strong> : Gratuit<\/p><p>Un atelier sans les enfants, d\u00e9di\u00e9 \u00e0 la <strong data-start=\"280\" data-end=\"329\">compr\u00e9hension et \u00e0 la mise en place de la CAA<\/strong>. Nous explorerons les diff\u00e9rentes solutions existantes (<strong data-start=\"386\" data-end=\"422\">PODD, tablettes, pictogrammes, TLA\u2026<\/strong>) pour faciliter la communication des enfants non oralisants ou ayant des difficult\u00e9s de langage. Cet accompagnement inclut une <strong data-start=\"550\" data-end=\"652\">prise en main des outils, des conseils pratiques et une initiation \u00e0 leur utilisation au quotidien<\/strong>.<\/p>\t\t\t\t\t\t\t\t<\/div>\n\t\t\t\t<\/div>\n\t\t\t\t<\/div>\n\t\t\t\t\t<\/div>\n\t\t\t\t<\/div>\n\t\t<div class=\"elementor-element elementor-element-b9d7f95 e-flex e-con-boxed e-con e-parent\" data-id=\"b9d7f95\" data-element_type=\"container\" data-e-type=\"container\">\n\t\t\t\t\t<div class=\"e-con-inner\">\n\t\t<div class=\"elementor-element elementor-element-feb6caf e-con-full e-flex e-con e-child\" data-id=\"feb6caf\" data-element_type=\"container\" data-e-type=\"container\">\n\t\t\t\t<div class=\"elementor-element elementor-element-d0b118d elementor-widget elementor-widget-image\" data-id=\"d0b118d\" data-element_type=\"widget\" data-e-type=\"widget\" data-widget_type=\"image.default\">\n\t\t\t\t<div class=\"elementor-widget-container\">\n\t\t\t\t\t\t\t\t\t\t\t\t\t\t\t<img loading=\"lazy\" decoding=\"async\" width=\"500\" height=\"350\" src=\"https:\/\/lenvoldespossibles.com\/wp-content\/uploads\/2025\/04\/Design-sans-titre16-qt15i0piaap50njdn2g8kb761hwsi1iu3c2mkh74bw.jpg\" class=\"attachment-large size-large wp-image-345\" alt=\"\" srcset=\"https:\/\/lenvoldespossibles.com\/wp-content\/uploads\/2025\/04\/Design-sans-titre16-qt15i0piaap50njdn2g8kb761hwsi1iu3c2mkh74bw.jpg 500w, https:\/\/lenvoldespossibles.com\/wp-content\/uploads\/2025\/04\/Design-sans-titre16-qt15i0piaap50njdn2g8kb761hwsi1iu3c2mkh74bw-300x210.jpg 300w\" sizes=\"(max-width: 500px) 100vw, 500px\" \/>\t\t\t\t\t\t\t\t\t\t\t\t\t\t\t<\/div>\n\t\t\t\t<\/div>\n\t\t\t\t<\/div>\n\t\t<div class=\"elementor-element elementor-element-a38b8c4 e-con-full e-flex e-con e-child\" data-id=\"a38b8c4\" data-element_type=\"container\" data-e-type=\"container\">\n\t\t\t\t<div class=\"elementor-element elementor-element-0baac9b elementor-widget elementor-widget-text-editor\" data-id=\"0baac9b\" data-element_type=\"widget\" data-e-type=\"widget\" data-widget_type=\"text-editor.default\">\n\t\t\t\t<div class=\"elementor-widget-container\">\n\t\t\t\t\t\t\t\t\t<p><strong>\ud83c\udf08 \u00c9change avec les parents (sans enfant) ou les professionnels<\/strong><br \/>\u2705 <strong data-start=\"103\" data-end=\"112\">Dur\u00e9e<\/strong> : 1h<br data-start=\"161\" data-end=\"164\" \/>\u2705 <strong data-start=\"166\" data-end=\"184\">Tarif adh\u00e9rent<\/strong> : Gratuit<\/p><p>En tant que membre, que vous soyez parent ou professionnel, vous b\u00e9n\u00e9ficiez d\u2019un <strong>espace d\u2019\u00e9change, d\u2019\u00e9coute attentive et de conseils personnalis\u00e9s.<\/strong> Profitez aussi d\u2019une <strong>assistance pour vos d\u00e9marches administratives (dossier MDPH),<\/strong> <strong>d\u2019informations et d\u2019orientations<\/strong> sur les questions scolaires et bien plus.<\/p>\t\t\t\t\t\t\t\t<\/div>\n\t\t\t\t<\/div>\n\t\t\t\t<\/div>\n\t\t\t\t\t<\/div>\n\t\t\t\t<\/div>\n\t\t\t\t<\/div>\n\t\t","protected":false},"excerpt":{"rendered":"<p>Nos services \u00c0 L&rsquo;Envol des Possibles, nous offrons des accompagnements personnalis\u00e9s pour les enfants et leurs familles, avec des tarifs avantageux pour nos adh\u00e9rents et plusieurs services accessibles gratuitement. \ud83c\udf08 Accompagnement p\u00e9dagogique\u2705 Dur\u00e9e : 1h (45 min de s\u00e9ance + temps d\u2019accueil et bilan)\u2705 Tarif membre : 20\u20ac Suivi individualis\u00e9 [&hellip;]<\/p>\n","protected":false},"author":1,"featured_media":0,"parent":0,"menu_order":0,"comment_status":"closed","ping_status":"closed","template":"","meta":{"_monsterinsights_skip_tracking":false,"_monsterinsights_sitenote_active":false,"_monsterinsights_sitenote_note":"","_monsterinsights_sitenote_category":0,"_uf_show_specific_survey":0,"_uf_disable_surveys":false,"footnotes":""},"class_list":["post-267","page","type-page","status-publish","hentry"],"aioseo_notices":[],"_links":{"self":[{"href":"https:\/\/lenvoldespossibles.com\/index.php\/wp-json\/wp\/v2\/pages\/267","targetHints":{"allow":["GET"]}}],"collection":[{"href":"https:\/\/lenvoldespossibles.com\/index.php\/wp-json\/wp\/v2\/pages"}],"about":[{"href":"https:\/\/lenvoldespossibles.com\/index.php\/wp-json\/wp\/v2\/types\/page"}],"author":[{"embeddable":true,"href":"https:\/\/lenvoldespossibles.com\/index.php\/wp-json\/wp\/v2\/users\/1"}],"replies":[{"embeddable":true,"href":"https:\/\/lenvoldespossibles.com\/index.php\/wp-json\/wp\/v2\/comments?post=267"}],"version-history":[{"count":49,"href":"https:\/\/lenvoldespossibles.com\/index.php\/wp-json\/wp\/v2\/pages\/267\/revisions"}],"predecessor-version":[{"id":1474,"href":"https:\/\/lenvoldespossibles.com\/index.php\/wp-json\/wp\/v2\/pages\/267\/revisions\/1474"}],"wp:attachment":[{"href":"https:\/\/lenvoldespossibles.com\/index.php\/wp-json\/wp\/v2\/media?parent=267"}],"curies":[{"name":"wp","href":"https:\/\/api.w.org\/{rel}","templated":true}]}}