{"id":27,"date":"2025-01-22T14:39:56","date_gmt":"2025-01-22T13:39:56","guid":{"rendered":"https:\/\/lenvoldespossibles.com\/?page_id=27"},"modified":"2025-06-27T14:06:20","modified_gmt":"2025-06-27T12:06:20","slug":"lecole","status":"publish","type":"page","link":"https:\/\/lenvoldespossibles.com\/index.php\/lecole\/","title":{"rendered":"L&rsquo;\u00e9cole"},"content":{"rendered":"\t\t<div data-elementor-type=\"wp-page\" data-elementor-id=\"27\" class=\"elementor elementor-27\">\n\t\t\t\t<div class=\"elementor-element elementor-element-6caf8ed e-flex e-con-boxed e-con e-parent\" data-id=\"6caf8ed\" data-element_type=\"container\" data-e-type=\"container\">\n\t\t\t\t\t<div class=\"e-con-inner\">\n\t\t\t\t<div class=\"elementor-element elementor-element-e5f1f3c elementor-widget elementor-widget-heading\" data-id=\"e5f1f3c\" data-element_type=\"widget\" data-e-type=\"widget\" data-widget_type=\"heading.default\">\n\t\t\t\t<div class=\"elementor-widget-container\">\n\t\t\t\t\t<h2 class=\"elementor-heading-title elementor-size-default\">Projet d'\u00e9cole \"L'Envol des Possibles\"<\/h2>\t\t\t\t<\/div>\n\t\t\t\t<\/div>\n\t\t\t\t\t<\/div>\n\t\t\t\t<\/div>\n\t\t<div class=\"elementor-element elementor-element-9fe1cca e-flex e-con-boxed e-con e-parent\" data-id=\"9fe1cca\" data-element_type=\"container\" data-e-type=\"container\">\n\t\t\t\t\t<div class=\"e-con-inner\">\n\t\t\t\t<div class=\"elementor-element elementor-element-a3f1c95 elementor-widget-divider--view-line elementor-widget elementor-widget-divider\" data-id=\"a3f1c95\" data-element_type=\"widget\" data-e-type=\"widget\" data-widget_type=\"divider.default\">\n\t\t\t\t<div class=\"elementor-widget-container\">\n\t\t\t\t\t\t\t<div class=\"elementor-divider\">\n\t\t\t<span class=\"elementor-divider-separator\">\n\t\t\t\t\t\t<\/span>\n\t\t<\/div>\n\t\t\t\t\t\t<\/div>\n\t\t\t\t<\/div>\n\t\t\t\t\t<\/div>\n\t\t\t\t<\/div>\n\t\t<div class=\"elementor-element elementor-element-4d88cf7 e-flex e-con-boxed e-con e-parent\" data-id=\"4d88cf7\" data-element_type=\"container\" data-e-type=\"container\">\n\t\t\t\t\t<div class=\"e-con-inner\">\n\t\t\t\t<div class=\"elementor-element elementor-element-4287055 elementor-widget elementor-widget-image\" data-id=\"4287055\" data-element_type=\"widget\" data-e-type=\"widget\" data-widget_type=\"image.default\">\n\t\t\t\t<div class=\"elementor-widget-container\">\n\t\t\t\t\t\t\t\t\t\t\t\t\t\t\t<img fetchpriority=\"high\" decoding=\"async\" width=\"2000\" height=\"1414\" src=\"https:\/\/lenvoldespossibles.com\/wp-content\/uploads\/2025\/05\/Presentation-A4-LEnvol-des-Possibles1.jpg\" class=\"attachment-full size-full wp-image-605\" alt=\"\" srcset=\"https:\/\/lenvoldespossibles.com\/wp-content\/uploads\/2025\/05\/Presentation-A4-LEnvol-des-Possibles1.jpg 2000w, https:\/\/lenvoldespossibles.com\/wp-content\/uploads\/2025\/05\/Presentation-A4-LEnvol-des-Possibles1-300x212.jpg 300w, https:\/\/lenvoldespossibles.com\/wp-content\/uploads\/2025\/05\/Presentation-A4-LEnvol-des-Possibles1-1024x724.jpg 1024w, https:\/\/lenvoldespossibles.com\/wp-content\/uploads\/2025\/05\/Presentation-A4-LEnvol-des-Possibles1-768x543.jpg 768w, https:\/\/lenvoldespossibles.com\/wp-content\/uploads\/2025\/05\/Presentation-A4-LEnvol-des-Possibles1-1536x1086.jpg 1536w\" sizes=\"(max-width: 2000px) 100vw, 2000px\" \/>\t\t\t\t\t\t\t\t\t\t\t\t\t\t\t<\/div>\n\t\t\t\t<\/div>\n\t\t\t\t\t<\/div>\n\t\t\t\t<\/div>\n\t\t<div class=\"elementor-element elementor-element-439c0b7 e-flex e-con-boxed e-con e-parent\" data-id=\"439c0b7\" data-element_type=\"container\" data-e-type=\"container\">\n\t\t\t\t\t<div class=\"e-con-inner\">\n\t\t\t\t<div class=\"elementor-element elementor-element-994e517 elementor-widget-divider--view-line elementor-widget elementor-widget-divider\" data-id=\"994e517\" data-element_type=\"widget\" data-e-type=\"widget\" data-widget_type=\"divider.default\">\n\t\t\t\t<div class=\"elementor-widget-container\">\n\t\t\t\t\t\t\t<div class=\"elementor-divider\">\n\t\t\t<span class=\"elementor-divider-separator\">\n\t\t\t\t\t\t<\/span>\n\t\t<\/div>\n\t\t\t\t\t\t<\/div>\n\t\t\t\t<\/div>\n\t\t\t\t\t<\/div>\n\t\t\t\t<\/div>\n\t\t<div class=\"elementor-element elementor-element-3dbefec e-flex e-con-boxed e-con e-parent\" data-id=\"3dbefec\" data-element_type=\"container\" data-e-type=\"container\">\n\t\t\t\t\t<div class=\"e-con-inner\">\n\t\t\t\t<div class=\"elementor-element elementor-element-f8cf531 elementor-widget elementor-widget-text-editor\" data-id=\"f8cf531\" data-element_type=\"widget\" data-e-type=\"widget\" data-widget_type=\"text-editor.default\">\n\t\t\t\t<div class=\"elementor-widget-container\">\n\t\t\t\t\t\t\t\t\t<p style=\"font-size: 20px;\" data-start=\"339\" data-end=\"405\"><strong>\ud83c\udf08<\/strong><strong data-start=\"407\" data-end=\"432\">Suivez l&rsquo;\u00e9volution de notre projet<\/strong><\/p><p class=\"\" data-start=\"2741\" data-end=\"2859\">\u27a1\ufe0f <a class=\"\" href=\"https:\/\/www.helloasso.com\/associations\/l-envol-des-possibles-34\/formulaires\/1\" rel=\"noopener\" data-start=\"2744\" data-end=\"2777\" target=\"_blank\"><strong data-start=\"2745\" data-end=\"2773\">R\u00e9pondre \u00e0 notre enqu\u00eate<\/strong><\/a><br data-start=\"2777\" data-end=\"2780\" \/>\u27a1\ufe0f <a class=\"\" href=\"#\" rel=\"noopener\" data-start=\"2783\" data-end=\"2806\"><strong data-start=\"2784\" data-end=\"2802\">Nous contacter<\/strong><\/a><br data-start=\"2806\" data-end=\"2809\" \/>\u27a1\ufe0f <a class=\"\" href=\"https:\/\/www.helloasso.com\/associations\/l-envol-des-possibles-34\/formulaires\/1\" rel=\"noopener\" data-start=\"2812\" data-end=\"2859\" target=\"_blank\"><strong data-start=\"2813\" data-end=\"2855\">Faire un don pour soutenir l\u2019ouverture<\/strong><\/a><\/p>\t\t\t\t\t\t\t\t<\/div>\n\t\t\t\t<\/div>\n\t\t\t\t\t<\/div>\n\t\t\t\t<\/div>\n\t\t<div class=\"elementor-element elementor-element-baa1b82 e-flex e-con-boxed e-con e-parent\" data-id=\"baa1b82\" data-element_type=\"container\" data-e-type=\"container\">\n\t\t\t\t\t<div class=\"e-con-inner\">\n\t\t\t\t<div class=\"elementor-element elementor-element-b2fd336 elementor-widget-divider--view-line elementor-widget elementor-widget-divider\" data-id=\"b2fd336\" data-element_type=\"widget\" data-e-type=\"widget\" data-widget_type=\"divider.default\">\n\t\t\t\t<div class=\"elementor-widget-container\">\n\t\t\t\t\t\t\t<div class=\"elementor-divider\">\n\t\t\t<span class=\"elementor-divider-separator\">\n\t\t\t\t\t\t<\/span>\n\t\t<\/div>\n\t\t\t\t\t\t<\/div>\n\t\t\t\t<\/div>\n\t\t\t\t\t<\/div>\n\t\t\t\t<\/div>\n\t\t\t\t<\/div>\n\t\t","protected":false},"excerpt":{"rendered":"<p>Projet d&rsquo;\u00e9cole \u00ab\u00a0L&rsquo;Envol des Possibles\u00a0\u00bb \ud83c\udf08Suivez l&rsquo;\u00e9volution de notre projet \u27a1\ufe0f R\u00e9pondre \u00e0 notre enqu\u00eate\u27a1\ufe0f Nous contacter\u27a1\ufe0f Faire un don pour soutenir l\u2019ouverture<\/p>\n","protected":false},"author":1,"featured_media":0,"parent":0,"menu_order":0,"comment_status":"closed","ping_status":"closed","template":"","meta":{"_monsterinsights_skip_tracking":false,"_monsterinsights_sitenote_active":false,"_monsterinsights_sitenote_note":"","_monsterinsights_sitenote_category":0,"_uf_show_specific_survey":0,"_uf_disable_surveys":false,"footnotes":""},"class_list":["post-27","page","type-page","status-publish","hentry"],"aioseo_notices":[],"_links":{"self":[{"href":"https:\/\/lenvoldespossibles.com\/index.php\/wp-json\/wp\/v2\/pages\/27","targetHints":{"allow":["GET"]}}],"collection":[{"href":"https:\/\/lenvoldespossibles.com\/index.php\/wp-json\/wp\/v2\/pages"}],"about":[{"href":"https:\/\/lenvoldespossibles.com\/index.php\/wp-json\/wp\/v2\/types\/page"}],"author":[{"embeddable":true,"href":"https:\/\/lenvoldespossibles.com\/index.php\/wp-json\/wp\/v2\/users\/1"}],"replies":[{"embeddable":true,"href":"https:\/\/lenvoldespossibles.com\/index.php\/wp-json\/wp\/v2\/comments?post=27"}],"version-history":[{"count":55,"href":"https:\/\/lenvoldespossibles.com\/index.php\/wp-json\/wp\/v2\/pages\/27\/revisions"}],"predecessor-version":[{"id":705,"href":"https:\/\/lenvoldespossibles.com\/index.php\/wp-json\/wp\/v2\/pages\/27\/revisions\/705"}],"wp:attachment":[{"href":"https:\/\/lenvoldespossibles.com\/index.php\/wp-json\/wp\/v2\/media?parent=27"}],"curies":[{"name":"wp","href":"https:\/\/api.w.org\/{rel}","templated":true}]}}