{"id":273,"date":"2025-04-19T12:48:50","date_gmt":"2025-04-19T10:48:50","guid":{"rendered":"https:\/\/lenvoldespossibles.com\/?page_id=273"},"modified":"2025-10-06T15:39:02","modified_gmt":"2025-10-06T13:39:02","slug":"partenaires","status":"publish","type":"page","link":"https:\/\/lenvoldespossibles.com\/index.php\/partenaires\/","title":{"rendered":"Partenaires"},"content":{"rendered":"\t\t<div data-elementor-type=\"wp-page\" data-elementor-id=\"273\" class=\"elementor elementor-273\">\n\t\t\t\t<div class=\"elementor-element elementor-element-22714bd e-flex e-con-boxed e-con e-parent\" data-id=\"22714bd\" data-element_type=\"container\" data-e-type=\"container\">\n\t\t\t\t\t<div class=\"e-con-inner\">\n\t\t\t\t<div class=\"elementor-element elementor-element-79f59c2 elementor-widget elementor-widget-heading\" data-id=\"79f59c2\" data-element_type=\"widget\" data-e-type=\"widget\" data-widget_type=\"heading.default\">\n\t\t\t\t<div class=\"elementor-widget-container\">\n\t\t\t\t\t<h2 class=\"elementor-heading-title elementor-size-default\">Partenaires<\/h2>\t\t\t\t<\/div>\n\t\t\t\t<\/div>\n\t\t\t\t\t<\/div>\n\t\t\t\t<\/div>\n\t\t<div class=\"elementor-element elementor-element-5720a5f e-flex e-con-boxed e-con e-parent\" data-id=\"5720a5f\" data-element_type=\"container\" data-e-type=\"container\">\n\t\t\t\t\t<div class=\"e-con-inner\">\n\t\t\t\t<div class=\"elementor-element elementor-element-c5191fc elementor-widget-divider--view-line elementor-widget elementor-widget-divider\" data-id=\"c5191fc\" data-element_type=\"widget\" data-e-type=\"widget\" data-widget_type=\"divider.default\">\n\t\t\t\t<div class=\"elementor-widget-container\">\n\t\t\t\t\t\t\t<div class=\"elementor-divider\">\n\t\t\t<span class=\"elementor-divider-separator\">\n\t\t\t\t\t\t<\/span>\n\t\t<\/div>\n\t\t\t\t\t\t<\/div>\n\t\t\t\t<\/div>\n\t\t\t\t\t<\/div>\n\t\t\t\t<\/div>\n\t\t<div class=\"elementor-element elementor-element-ab42996 e-flex e-con-boxed e-con e-parent\" data-id=\"ab42996\" data-element_type=\"container\" data-e-type=\"container\">\n\t\t\t\t\t<div class=\"e-con-inner\">\n\t\t\t\t<div class=\"elementor-element elementor-element-648e74f elementor-widget elementor-widget-text-editor\" data-id=\"648e74f\" data-element_type=\"widget\" data-e-type=\"widget\" data-widget_type=\"text-editor.default\">\n\t\t\t\t<div class=\"elementor-widget-container\">\n\t\t\t\t\t\t\t\t\t<div class=\"elementor-element elementor-element-93944f5 e-flex e-con-boxed e-con e-parent e-lazyloaded\" data-id=\"93944f5\" data-element_type=\"container\"><div class=\"e-con-inner\"><div class=\"elementor-element elementor-element-43e50cc elementor-widget elementor-widget-text-editor\" data-id=\"43e50cc\" data-element_type=\"widget\" data-widget_type=\"text-editor.default\"><div class=\"elementor-widget-container\"><p><strong>L&rsquo;Envol des Possibles r\u00e9unit des professionnels de divers horizons, membres de notre association, qui partagent notre engagement pour le soutien et l\u2019accompagnement des enfants et des familles.<\/strong><\/p><p>Ces partenaires mettent en avant leurs comp\u00e9tences et savoir-faire, que ce soit pour des interventions dans leurs cabinets, \u00e0 domicile, ou dans le cadre de collaborations sp\u00e9cifiques avec notre association. En tant que membres, ils b\u00e9n\u00e9ficient d\u2019une visibilit\u00e9 au sein de notre r\u00e9seau, permettant aux familles et aux professionnels de les d\u00e9couvrir et de solliciter leurs services selon leurs besoins.<\/p><p><strong>D\u00e9couvrez ci-dessous nos partenaires et leurs sp\u00e9cialit\u00e9s, ainsi que leurs coordonn\u00e9es pour les contacter directement.<\/strong><\/p><\/div><\/div><\/div><\/div>\t\t\t\t\t\t\t\t<\/div>\n\t\t\t\t<\/div>\n\t\t\t\t\t<\/div>\n\t\t\t\t<\/div>\n\t\t<div class=\"elementor-element elementor-element-0898e4b e-flex e-con-boxed e-con e-parent\" data-id=\"0898e4b\" data-element_type=\"container\" data-e-type=\"container\">\n\t\t\t\t\t<div class=\"e-con-inner\">\n\t\t<div class=\"elementor-element elementor-element-23035ca e-con-full e-flex e-con e-child\" data-id=\"23035ca\" data-element_type=\"container\" data-e-type=\"container\">\n\t\t\t\t<div class=\"elementor-element elementor-element-5668f34 elementor-widget elementor-widget-image\" data-id=\"5668f34\" data-element_type=\"widget\" data-e-type=\"widget\" data-widget_type=\"image.default\">\n\t\t\t\t<div class=\"elementor-widget-container\">\n\t\t\t\t\t\t\t\t\t\t\t\t\t\t\t<img fetchpriority=\"high\" decoding=\"async\" width=\"640\" height=\"354\" src=\"https:\/\/lenvoldespossibles.com\/wp-content\/uploads\/2025\/04\/lilie-1.jpg\" class=\"attachment-large size-large wp-image-298\" alt=\"\" srcset=\"https:\/\/lenvoldespossibles.com\/wp-content\/uploads\/2025\/04\/lilie-1.jpg 800w, https:\/\/lenvoldespossibles.com\/wp-content\/uploads\/2025\/04\/lilie-1-300x166.jpg 300w, https:\/\/lenvoldespossibles.com\/wp-content\/uploads\/2025\/04\/lilie-1-768x425.jpg 768w\" sizes=\"(max-width: 640px) 100vw, 640px\" \/>\t\t\t\t\t\t\t\t\t\t\t\t\t\t\t<\/div>\n\t\t\t\t<\/div>\n\t\t\t\t<\/div>\n\t\t<div class=\"elementor-element elementor-element-7b0328b e-con-full e-flex e-con e-child\" data-id=\"7b0328b\" data-element_type=\"container\" data-e-type=\"container\">\n\t\t\t\t<div class=\"elementor-element elementor-element-c114725 elementor-widget elementor-widget-text-editor\" data-id=\"c114725\" data-element_type=\"widget\" data-e-type=\"widget\" data-widget_type=\"text-editor.default\">\n\t\t\t\t<div class=\"elementor-widget-container\">\n\t\t\t\t\t\t\t\t\t<div class=\"elementor-element elementor-element-fc6df69 e-con-full e-flex e-con e-child\" data-id=\"fc6df69\" data-element_type=\"container\"><div class=\"elementor-element elementor-element-f4a25db elementor-widget elementor-widget-text-editor\" data-id=\"f4a25db\" data-element_type=\"widget\" data-widget_type=\"text-editor.default\"><div class=\"elementor-widget-container\"><p><strong>Aur\u00e9lie Mac\u00e9 \u2013 Sophrologue<\/strong><\/p><div class=\"flex max-w-full flex-col flex-grow\"><div class=\"min-h-8 text-message flex w-full flex-col items-end gap-2 whitespace-normal break-words [.text-message+&amp;]:mt-5\" dir=\"auto\" data-message-author-role=\"assistant\" data-message-id=\"afada44a-a527-4993-a4a5-0f83a315e496\" data-message-model-slug=\"gpt-4o\"><div class=\"flex w-full flex-col gap-1 empty:hidden first:pt-[3px]\"><div class=\"markdown prose w-full break-words dark:prose-invert light\"><p><strong data-start=\"71\" data-end=\"219\">Aur\u00e9lie Mac\u00e9, fondatrice d\u2019<em data-start=\"100\" data-end=\"113\">\u00c9veil &amp; moi<\/em>, est sophrologue sp\u00e9cialis\u00e9e dans l\u2019accompagnement des enfants, adolescents, parents et professionnels.<\/strong><br data-start=\"219\" data-end=\"222\" \/>Elle propose des s\u00e9ances adapt\u00e9es pour favoriser une meilleure gestion des \u00e9motions, d\u00e9velopper la confiance en soi et cultiver un bien-\u00eatre durable.<br data-start=\"371\" data-end=\"374\" \/>Aur\u00e9lie intervient r\u00e9guli\u00e8rement au sein de notre association <em data-start=\"436\" data-end=\"459\">L\u2019Envol des Possibles<\/em>.<\/p><\/div><\/div><\/div><\/div><p><strong>T\u00e9l\u00e9phone :<\/strong>\u00a0<span class=\"LrzXr zdqRlf kno-fv\"><span aria-label=\"Appeler le 06 29 52 18 32\"><span class=\"x193iq5w xeuugli x13faqbe x1vvkbs x1xmvt09 x1lliihq x1s928wv xhkezso x1gmr53x x1cpjm7i x1fgarty x1943h6x xudqn12 x3x7a5m x6prxxf xvq8zen xo1l8bm xzsf02u x1yc453h\" dir=\"auto\">06 69 79 11 92<\/span> \u2013<strong> Email :<\/strong> eveiletmoi34@gmail.com<br \/><\/span><\/span><\/p><p><span class=\"LrzXr zdqRlf kno-fv\"><a href=\"https:\/\/www.facebook.com\/profile.php?id=61560313216712\" target=\"_blank\" rel=\"noopener\">Facebook<\/a> \u2013 <a href=\"https:\/\/www.instagram.com\/eveil_et_moi_34\/\" target=\"_blank\" rel=\"noopener\">Instagram<\/a><\/span><\/p><\/div><\/div><\/div>\t\t\t\t\t\t\t\t<\/div>\n\t\t\t\t<\/div>\n\t\t\t\t<\/div>\n\t\t\t\t\t<\/div>\n\t\t\t\t<\/div>\n\t\t<div class=\"elementor-element elementor-element-ca0ed5a e-flex e-con-boxed e-con e-parent\" data-id=\"ca0ed5a\" data-element_type=\"container\" data-e-type=\"container\">\n\t\t\t\t\t<div class=\"e-con-inner\">\n\t\t<div class=\"elementor-element elementor-element-c46fec4 e-con-full e-flex e-con e-child\" data-id=\"c46fec4\" data-element_type=\"container\" data-e-type=\"container\">\n\t\t\t\t<div class=\"elementor-element elementor-element-d36e64f elementor-widget elementor-widget-image\" data-id=\"d36e64f\" data-element_type=\"widget\" data-e-type=\"widget\" data-widget_type=\"image.default\">\n\t\t\t\t<div class=\"elementor-widget-container\">\n\t\t\t\t\t\t\t\t\t\t\t\t\t\t\t<img decoding=\"async\" width=\"640\" height=\"354\" src=\"https:\/\/lenvoldespossibles.com\/wp-content\/uploads\/2025\/04\/celia.jpg\" class=\"attachment-large size-large wp-image-295\" alt=\"\" srcset=\"https:\/\/lenvoldespossibles.com\/wp-content\/uploads\/2025\/04\/celia.jpg 800w, https:\/\/lenvoldespossibles.com\/wp-content\/uploads\/2025\/04\/celia-300x166.jpg 300w, https:\/\/lenvoldespossibles.com\/wp-content\/uploads\/2025\/04\/celia-768x425.jpg 768w\" sizes=\"(max-width: 640px) 100vw, 640px\" \/>\t\t\t\t\t\t\t\t\t\t\t\t\t\t\t<\/div>\n\t\t\t\t<\/div>\n\t\t\t\t<\/div>\n\t\t<div class=\"elementor-element elementor-element-93ea8e3 e-con-full e-flex e-con e-child\" data-id=\"93ea8e3\" data-element_type=\"container\" data-e-type=\"container\">\n\t\t\t\t<div class=\"elementor-element elementor-element-3f1f709 elementor-widget elementor-widget-text-editor\" data-id=\"3f1f709\" data-element_type=\"widget\" data-e-type=\"widget\" data-widget_type=\"text-editor.default\">\n\t\t\t\t<div class=\"elementor-widget-container\">\n\t\t\t\t\t\t\t\t\t<div class=\"elementor-element elementor-element-c3738b4 e-con-full e-flex e-con e-child\" data-id=\"c3738b4\" data-element_type=\"container\"><div class=\"elementor-element elementor-element-ac360f5 elementor-widget elementor-widget-text-editor\" data-id=\"ac360f5\" data-element_type=\"widget\" data-widget_type=\"text-editor.default\"><div class=\"elementor-widget-container\"><p><strong>C\u00e9lia Montussac \u2013 Educatrice lib\u00e9rale sp\u00e9cialis\u00e9e en intervention pr\u00e9coce \u2013 Intervient \u00e0 domicile (Secteur B\u00e9ziers\/P\u00e9zenas)<\/strong><\/p><div class=\"flex max-w-full flex-col flex-grow\"><div class=\"min-h-8 text-message flex w-full flex-col items-end gap-2 whitespace-normal break-words [.text-message+&amp;]:mt-5\" dir=\"auto\" data-message-author-role=\"assistant\" data-message-id=\"afada44a-a527-4993-a4a5-0f83a315e496\" data-message-model-slug=\"gpt-4o\"><div class=\"flex w-full flex-col gap-1 empty:hidden first:pt-[3px]\"><div class=\"markdown prose w-full break-words dark:prose-invert light\"><p><strong data-start=\"64\" data-end=\"199\">C\u00e9lia, \u00e9ducatrice de jeunes enfants depuis plus de 15 ans, est sp\u00e9cialis\u00e9e dans l\u2019intervention pr\u00e9coce aupr\u00e8s des enfants avec TSA.<\/strong><br data-start=\"199\" data-end=\"202\" \/>Form\u00e9e \u00e0 la psychologie clinique, \u00e0 l\u2019<strong data-start=\"240\" data-end=\"247\">ABA<\/strong>, \u00e0 l\u2019<strong data-start=\"253\" data-end=\"261\">ESDM<\/strong>, au <strong data-start=\"266\" data-end=\"276\" data-is-only-node=\"\">TEACCH<\/strong> et \u00e0 la <strong data-start=\"285\" data-end=\"292\">CAA<\/strong>, elle propose un accompagnement individualis\u00e9, bienveillant et structur\u00e9.<br data-start=\"366\" data-end=\"369\" \/>Elle intervient au sein de notre association <em data-start=\"414\" data-end=\"437\">L\u2019Envol des Possibles<\/em> ou directement \u00e0 votre domicile, selon les besoins de votre enfant.<\/p><\/div><\/div><\/div><\/div><p><strong>T\u00e9l\u00e9phone :<\/strong>\u00a0<span class=\"LrzXr zdqRlf kno-fv\"><span aria-label=\"Appeler le 06 29 52 18 32\">06 73 37 47 52 \u2013<strong> Email :<\/strong> celia.montussac@outlook.com <strong>\u2013 <\/strong><a href=\"https:\/\/www.facebook.com\/profile.php?id=61572890992213\" target=\"_blank\" rel=\"noopener\">Facebook<\/a><strong> \u2013 <\/strong><a href=\"https:\/\/www.instagram.com\/celia.montussac\/\" target=\"_blank\" rel=\"noopener\">Instagram<\/a><strong> \u2013 <\/strong><\/span><\/span><strong>Site Internet :<\/strong><a href=\"https:\/\/celiamontussac.com\/\" target=\"_blank\" rel=\"noopener\"> https:\/\/celiamontussac.com\/<\/a><\/p><\/div><\/div><\/div>\t\t\t\t\t\t\t\t<\/div>\n\t\t\t\t<\/div>\n\t\t\t\t<\/div>\n\t\t\t\t\t<\/div>\n\t\t\t\t<\/div>\n\t\t<div class=\"elementor-element elementor-element-0d87e83 e-flex e-con-boxed e-con e-parent\" data-id=\"0d87e83\" data-element_type=\"container\" data-e-type=\"container\">\n\t\t\t\t\t<div class=\"e-con-inner\">\n\t\t<div class=\"elementor-element elementor-element-2b29629 e-con-full e-flex e-con e-child\" data-id=\"2b29629\" data-element_type=\"container\" data-e-type=\"container\">\n\t\t\t\t<div class=\"elementor-element elementor-element-7a7d72a elementor-widget elementor-widget-image\" data-id=\"7a7d72a\" data-element_type=\"widget\" data-e-type=\"widget\" data-widget_type=\"image.default\">\n\t\t\t\t<div class=\"elementor-widget-container\">\n\t\t\t\t\t\t\t\t\t\t\t\t\t\t\t<img decoding=\"async\" width=\"640\" height=\"354\" src=\"https:\/\/lenvoldespossibles.com\/wp-content\/uploads\/2025\/04\/axelle-1-1.jpg\" class=\"attachment-large size-large wp-image-303\" alt=\"\" srcset=\"https:\/\/lenvoldespossibles.com\/wp-content\/uploads\/2025\/04\/axelle-1-1.jpg 800w, https:\/\/lenvoldespossibles.com\/wp-content\/uploads\/2025\/04\/axelle-1-1-300x166.jpg 300w, https:\/\/lenvoldespossibles.com\/wp-content\/uploads\/2025\/04\/axelle-1-1-768x425.jpg 768w\" sizes=\"(max-width: 640px) 100vw, 640px\" \/>\t\t\t\t\t\t\t\t\t\t\t\t\t\t\t<\/div>\n\t\t\t\t<\/div>\n\t\t\t\t<\/div>\n\t\t<div class=\"elementor-element elementor-element-fb2dbfe e-con-full e-flex e-con e-child\" data-id=\"fb2dbfe\" data-element_type=\"container\" data-e-type=\"container\">\n\t\t\t\t<div class=\"elementor-element elementor-element-217691e elementor-widget elementor-widget-text-editor\" data-id=\"217691e\" data-element_type=\"widget\" data-e-type=\"widget\" data-widget_type=\"text-editor.default\">\n\t\t\t\t<div class=\"elementor-widget-container\">\n\t\t\t\t\t\t\t\t\t<div class=\"elementor-element elementor-element-ad5eaa1 e-con-full e-flex e-con e-child\" data-id=\"ad5eaa1\" data-element_type=\"container\"><div class=\"elementor-element elementor-element-b4d381d elementor-widget elementor-widget-text-editor\" data-id=\"b4d381d\" data-element_type=\"widget\" data-widget_type=\"text-editor.default\"><div class=\"elementor-widget-container\"><p><strong>Axelle Mahieux \u2013 Kin\u00e9sith\u00e9rapeute p\u00e9diatrique sp\u00e9cialis\u00e9e \u2013 Cazouls-Les-B\u00e9ziers et alentours<\/strong><\/p><p><strong data-start=\"111\" data-end=\"300\">Sp\u00e9cialis\u00e9e en r\u00e9\u00e9ducation p\u00e9diatrique, Axelle Mahieux, kin\u00e9sith\u00e9rapeute dipl\u00f4m\u00e9e, accompagne les enfants dans le d\u00e9veloppement de leurs capacit\u00e9s motrices, posturales&#8230;<\/strong><br data-start=\"300\" data-end=\"303\" \/>Elle propose des soins personnalis\u00e9s au cabinet de <strong data-start=\"354\" data-end=\"377\">Cazouls-l\u00e8s-B\u00e9ziers<\/strong> ainsi qu\u2019\u00e0 domicile, en lien \u00e9troit avec les familles et les autres professionnels de sant\u00e9.<\/p><p><strong>T\u00e9l\u00e9phone :<\/strong> 07 44 47 50 97 &#8211;\u00a0 <a href=\"https:\/\/www.doctolib.fr\/masseur-kinesitherapeute\/cazouls-les-beziers\/axelle-mahieux\" target=\"_blank\" rel=\"noopener\">Doctolib<\/a><\/p><\/div><\/div><\/div>\t\t\t\t\t\t\t\t<\/div>\n\t\t\t\t<\/div>\n\t\t\t\t<\/div>\n\t\t\t\t\t<\/div>\n\t\t\t\t<\/div>\n\t\t<div class=\"elementor-element elementor-element-c6f90a5 e-flex e-con-boxed e-con e-parent\" data-id=\"c6f90a5\" data-element_type=\"container\" data-e-type=\"container\">\n\t\t\t\t\t<div class=\"e-con-inner\">\n\t\t<div class=\"elementor-element elementor-element-9c3ce48 e-con-full e-flex e-con e-child\" data-id=\"9c3ce48\" data-element_type=\"container\" data-e-type=\"container\">\n\t\t\t\t<div class=\"elementor-element elementor-element-efcd07a elementor-widget elementor-widget-image\" data-id=\"efcd07a\" data-element_type=\"widget\" data-e-type=\"widget\" data-widget_type=\"image.default\">\n\t\t\t\t<div class=\"elementor-widget-container\">\n\t\t\t\t\t\t\t\t\t\t\t\t\t\t\t<img loading=\"lazy\" decoding=\"async\" width=\"640\" height=\"354\" src=\"https:\/\/lenvoldespossibles.com\/wp-content\/uploads\/2025\/06\/laure.jpg\" class=\"attachment-large size-large wp-image-681\" alt=\"\" srcset=\"https:\/\/lenvoldespossibles.com\/wp-content\/uploads\/2025\/06\/laure.jpg 800w, https:\/\/lenvoldespossibles.com\/wp-content\/uploads\/2025\/06\/laure-300x166.jpg 300w, https:\/\/lenvoldespossibles.com\/wp-content\/uploads\/2025\/06\/laure-768x425.jpg 768w\" sizes=\"(max-width: 640px) 100vw, 640px\" \/>\t\t\t\t\t\t\t\t\t\t\t\t\t\t\t<\/div>\n\t\t\t\t<\/div>\n\t\t\t\t<\/div>\n\t\t<div class=\"elementor-element elementor-element-0d64be8 e-con-full e-flex e-con e-child\" data-id=\"0d64be8\" data-element_type=\"container\" data-e-type=\"container\">\n\t\t\t\t<div class=\"elementor-element elementor-element-7790804 elementor-widget elementor-widget-text-editor\" data-id=\"7790804\" data-element_type=\"widget\" data-e-type=\"widget\" data-widget_type=\"text-editor.default\">\n\t\t\t\t<div class=\"elementor-widget-container\">\n\t\t\t\t\t\t\t\t\t<div class=\"elementor-element elementor-element-ad5eaa1 e-con-full e-flex e-con e-child\" data-id=\"ad5eaa1\" data-element_type=\"container\"><div class=\"elementor-element elementor-element-b4d381d elementor-widget elementor-widget-text-editor\" data-id=\"b4d381d\" data-element_type=\"widget\" data-widget_type=\"text-editor.default\"><div class=\"elementor-widget-container\"><p><strong>Laure Dessarps \u2013 Ergoth\u00e9rapeute \u2013 Magalas<\/strong><\/p><p><strong data-start=\"153\" data-end=\"352\">Laure Dessarps, ergoth\u00e9rapeute DE (Dipl\u00f4me d&rsquo;\u00e9tat) &#8211; OT (Occupational Therapist), accompagne les enfants dans le d\u00e9veloppement de leur autonomie et de leurs comp\u00e9tences motrices, sensorielles et fonctionnelles.<\/strong><br data-start=\"352\" data-end=\"355\" \/>Elle propose des prises en charge personnalis\u00e9es \u00e0 son cabinet de Magalas, avec notamment une approche en <strong data-start=\"461\" data-end=\"507\">DMI (Dynamic Movement Intervention)<\/strong>, adapt\u00e9e aux enfants porteurs de troubles moteurs ou neurod\u00e9veloppementaux.<\/p><p><strong>T\u00e9l\u00e9phone :<\/strong> <span class=\"x6zurak x18bv5gf x184q3qc xqxll94 x1s928wv xhkezso x1gmr53x x1cpjm7i x1fgarty x1943h6x x193iq5w xeuugli x13faqbe x1vvkbs x1yc453h x1lliihq xzsf02u xlh3980 xvmahel x1x9mg3 xo1l8bm\" dir=\"auto\">06 50 00 91 29<\/span> &#8211; <a href=\"https:\/\/docorga.com\/praticien\/658e82fa24934727361e470c\" target=\"_blank\" rel=\"noopener\">Docorga<\/a> &#8211;\u00a0 <a href=\"https:\/\/www.facebook.com\/LDErgo\/\" target=\"_blank\" rel=\"noopener\">Facebook<\/a><\/p><\/div><\/div><\/div>\t\t\t\t\t\t\t\t<\/div>\n\t\t\t\t<\/div>\n\t\t\t\t<\/div>\n\t\t\t\t\t<\/div>\n\t\t\t\t<\/div>\n\t\t\t\t<\/div>\n\t\t","protected":false},"excerpt":{"rendered":"<p>Partenaires L&rsquo;Envol des Possibles r\u00e9unit des professionnels de divers horizons, membres de notre association, qui partagent notre engagement pour le soutien et l\u2019accompagnement des enfants et des familles. Ces partenaires mettent en avant leurs comp\u00e9tences et savoir-faire, que ce soit pour des interventions dans leurs cabinets, \u00e0 domicile, ou dans [&hellip;]<\/p>\n","protected":false},"author":1,"featured_media":0,"parent":0,"menu_order":0,"comment_status":"closed","ping_status":"closed","template":"","meta":{"_monsterinsights_skip_tracking":false,"_monsterinsights_sitenote_active":false,"_monsterinsights_sitenote_note":"","_monsterinsights_sitenote_category":0,"_uf_show_specific_survey":0,"_uf_disable_surveys":false,"footnotes":""},"class_list":["post-273","page","type-page","status-publish","hentry"],"aioseo_notices":[],"_links":{"self":[{"href":"https:\/\/lenvoldespossibles.com\/index.php\/wp-json\/wp\/v2\/pages\/273","targetHints":{"allow":["GET"]}}],"collection":[{"href":"https:\/\/lenvoldespossibles.com\/index.php\/wp-json\/wp\/v2\/pages"}],"about":[{"href":"https:\/\/lenvoldespossibles.com\/index.php\/wp-json\/wp\/v2\/types\/page"}],"author":[{"embeddable":true,"href":"https:\/\/lenvoldespossibles.com\/index.php\/wp-json\/wp\/v2\/users\/1"}],"replies":[{"embeddable":true,"href":"https:\/\/lenvoldespossibles.com\/index.php\/wp-json\/wp\/v2\/comments?post=273"}],"version-history":[{"count":31,"href":"https:\/\/lenvoldespossibles.com\/index.php\/wp-json\/wp\/v2\/pages\/273\/revisions"}],"predecessor-version":[{"id":1065,"href":"https:\/\/lenvoldespossibles.com\/index.php\/wp-json\/wp\/v2\/pages\/273\/revisions\/1065"}],"wp:attachment":[{"href":"https:\/\/lenvoldespossibles.com\/index.php\/wp-json\/wp\/v2\/media?parent=273"}],"curies":[{"name":"wp","href":"https:\/\/api.w.org\/{rel}","templated":true}]}}