{"id":29,"date":"2025-01-22T14:40:11","date_gmt":"2025-01-22T13:40:11","guid":{"rendered":"https:\/\/lenvoldespossibles.com\/?page_id=29"},"modified":"2025-07-27T22:31:47","modified_gmt":"2025-07-27T20:31:47","slug":"noussoutenir","status":"publish","type":"page","link":"https:\/\/lenvoldespossibles.com\/index.php\/noussoutenir\/","title":{"rendered":"Nous soutenir"},"content":{"rendered":"\t\t<div data-elementor-type=\"wp-page\" data-elementor-id=\"29\" class=\"elementor elementor-29\">\n\t\t\t\t<div class=\"elementor-element elementor-element-c186f0c e-flex e-con-boxed e-con e-parent\" data-id=\"c186f0c\" data-element_type=\"container\" data-e-type=\"container\">\n\t\t\t\t\t<div class=\"e-con-inner\">\n\t\t\t\t<div class=\"elementor-element elementor-element-941b350 elementor-widget elementor-widget-heading\" data-id=\"941b350\" data-element_type=\"widget\" data-e-type=\"widget\" data-widget_type=\"heading.default\">\n\t\t\t\t<div class=\"elementor-widget-container\">\n\t\t\t\t\t<h2 class=\"elementor-heading-title elementor-size-default\">Nous rejoindre<\/h2>\t\t\t\t<\/div>\n\t\t\t\t<\/div>\n\t\t\t\t\t<\/div>\n\t\t\t\t<\/div>\n\t\t<div class=\"elementor-element elementor-element-ceb16cf e-flex e-con-boxed e-con e-parent\" data-id=\"ceb16cf\" data-element_type=\"container\" data-e-type=\"container\">\n\t\t\t\t\t<div class=\"e-con-inner\">\n\t\t\t\t<div class=\"elementor-element elementor-element-30a55b1 elementor-widget-divider--view-line elementor-widget elementor-widget-divider\" data-id=\"30a55b1\" data-element_type=\"widget\" data-e-type=\"widget\" data-widget_type=\"divider.default\">\n\t\t\t\t<div class=\"elementor-widget-container\">\n\t\t\t\t\t\t\t<div class=\"elementor-divider\">\n\t\t\t<span class=\"elementor-divider-separator\">\n\t\t\t\t\t\t<\/span>\n\t\t<\/div>\n\t\t\t\t\t\t<\/div>\n\t\t\t\t<\/div>\n\t\t\t\t\t<\/div>\n\t\t\t\t<\/div>\n\t\t<div class=\"elementor-element elementor-element-3e0fb60 e-flex e-con-boxed e-con e-parent\" data-id=\"3e0fb60\" data-element_type=\"container\" data-e-type=\"container\">\n\t\t\t\t\t<div class=\"e-con-inner\">\n\t\t<div class=\"elementor-element elementor-element-9876fe7 e-con-full e-flex e-con e-child\" data-id=\"9876fe7\" data-element_type=\"container\" data-e-type=\"container\">\n\t\t\t\t<div class=\"elementor-element elementor-element-55310bf elementor-widget__width-initial elementor-widget elementor-widget-image\" data-id=\"55310bf\" data-element_type=\"widget\" data-e-type=\"widget\" data-widget_type=\"image.default\">\n\t\t\t\t<div class=\"elementor-widget-container\">\n\t\t\t\t\t\t\t\t\t\t\t\t\t\t\t<img decoding=\"async\" src=\"https:\/\/lenvoldespossibles.com\/wp-content\/uploads\/2025\/05\/PXL_20240810_0726077693.jpg\" title=\"PXL_20240810_072607769~3\" alt=\"PXL_20240810_072607769~3\" loading=\"lazy\" \/>\t\t\t\t\t\t\t\t\t\t\t\t\t\t\t<\/div>\n\t\t\t\t<\/div>\n\t\t\t\t<\/div>\n\t\t<div class=\"elementor-element elementor-element-579a4cf e-con-full e-flex e-con e-child\" data-id=\"579a4cf\" data-element_type=\"container\" data-e-type=\"container\">\n\t\t\t\t<div class=\"elementor-element elementor-element-1725296 elementor-widget__width-initial elementor-widget elementor-widget-image\" data-id=\"1725296\" data-element_type=\"widget\" data-e-type=\"widget\" data-widget_type=\"image.default\">\n\t\t\t\t<div class=\"elementor-widget-container\">\n\t\t\t\t\t\t\t\t\t\t\t\t\t\t\t<img decoding=\"async\" src=\"https:\/\/lenvoldespossibles.com\/wp-content\/uploads\/2025\/04\/Design-sans-titre32.jpg\" title=\"Design sans titre(32)\" alt=\"Design sans titre(32)\" loading=\"lazy\" \/>\t\t\t\t\t\t\t\t\t\t\t\t\t\t\t<\/div>\n\t\t\t\t<\/div>\n\t\t\t\t<\/div>\n\t\t<div class=\"elementor-element elementor-element-2037521 e-con-full e-flex e-con e-child\" data-id=\"2037521\" data-element_type=\"container\" data-e-type=\"container\">\n\t\t\t\t<div class=\"elementor-element elementor-element-a6adee3 elementor-widget elementor-widget-image\" data-id=\"a6adee3\" data-element_type=\"widget\" data-e-type=\"widget\" data-widget_type=\"image.default\">\n\t\t\t\t<div class=\"elementor-widget-container\">\n\t\t\t\t\t\t\t\t\t\t\t\t\t\t\t<img decoding=\"async\" src=\"https:\/\/lenvoldespossibles.com\/wp-content\/uploads\/2025\/04\/Design-sans-titre34.jpg\" title=\"Design sans titre(34)\" alt=\"Design sans titre(34)\" loading=\"lazy\" \/>\t\t\t\t\t\t\t\t\t\t\t\t\t\t\t<\/div>\n\t\t\t\t<\/div>\n\t\t\t\t<\/div>\n\t\t<div class=\"elementor-element elementor-element-742e907 e-con-full e-flex e-con e-child\" data-id=\"742e907\" data-element_type=\"container\" data-e-type=\"container\">\n\t\t\t\t<div class=\"elementor-element elementor-element-e903f26 elementor-widget elementor-widget-image\" data-id=\"e903f26\" data-element_type=\"widget\" data-e-type=\"widget\" data-widget_type=\"image.default\">\n\t\t\t\t<div class=\"elementor-widget-container\">\n\t\t\t\t\t\t\t\t\t\t\t\t\t\t\t<img decoding=\"async\" src=\"https:\/\/lenvoldespossibles.com\/wp-content\/uploads\/2025\/04\/Design-sans-titre35.jpg\" title=\"Design sans titre(35)\" alt=\"Design sans titre(35)\" loading=\"lazy\" \/>\t\t\t\t\t\t\t\t\t\t\t\t\t\t\t<\/div>\n\t\t\t\t<\/div>\n\t\t\t\t<\/div>\n\t\t<div class=\"elementor-element elementor-element-98bbaf3 e-con-full e-flex e-con e-child\" data-id=\"98bbaf3\" data-element_type=\"container\" data-e-type=\"container\">\n\t\t\t\t<div class=\"elementor-element elementor-element-4b5db84 elementor-widget__width-initial elementor-widget elementor-widget-image\" data-id=\"4b5db84\" data-element_type=\"widget\" data-e-type=\"widget\" data-widget_type=\"image.default\">\n\t\t\t\t<div class=\"elementor-widget-container\">\n\t\t\t\t\t\t\t\t\t\t\t\t\t\t\t<img decoding=\"async\" src=\"https:\/\/lenvoldespossibles.com\/wp-content\/uploads\/2025\/04\/Design-sans-titre33.jpg\" title=\"Design sans titre(33)\" alt=\"Design sans titre(33)\" loading=\"lazy\" \/>\t\t\t\t\t\t\t\t\t\t\t\t\t\t\t<\/div>\n\t\t\t\t<\/div>\n\t\t\t\t<\/div>\n\t\t\t\t\t<\/div>\n\t\t\t\t<\/div>\n\t\t<div class=\"elementor-element elementor-element-65bc646 e-flex e-con-boxed e-con e-parent\" data-id=\"65bc646\" data-element_type=\"container\" data-e-type=\"container\">\n\t\t\t\t\t<div class=\"e-con-inner\">\n\t\t<div class=\"elementor-element elementor-element-2ca8aa3 e-con-full e-flex e-con e-child\" data-id=\"2ca8aa3\" data-element_type=\"container\" data-e-type=\"container\">\n\t\t\t\t<div class=\"elementor-element elementor-element-43447f6 elementor-widget elementor-widget-text-editor\" data-id=\"43447f6\" data-element_type=\"widget\" data-e-type=\"widget\" data-widget_type=\"text-editor.default\">\n\t\t\t\t<div class=\"elementor-widget-container\">\n\t\t\t\t\t\t\t\t\t<p class=\"\" data-start=\"506\" data-end=\"767\"><strong data-start=\"3\" data-end=\"42\">Avant d&rsquo;adh\u00e9rer, rencontrons-nous!<\/strong><br data-start=\"42\" data-end=\"45\" \/>Parents ou professionnels, b\u00e9n\u00e9ficiez d\u2019un \u00e9change gratuit pour poser vos questions, partager votre situation et \u00e9valuer les besoins.<\/p><p class=\"\" data-start=\"506\" data-end=\"767\"><strong>Dans la rubrique \u00ab\u00a0<\/strong><a href=\"https:\/\/lenvoldespossibles.com\/index.php\/reserver\/\"><strong data-start=\"812\" data-end=\"827\">R\u00e9server\u00a0\u00bb,<\/strong><\/a> choisissez :<br data-start=\"843\" data-end=\"846\" \/><em><strong data-start=\"846\" data-end=\"912\">\u00ab Avant adh\u00e9sion&#8230; \u00bb<\/strong><\/em><\/p>\t\t\t\t\t\t\t\t<\/div>\n\t\t\t\t<\/div>\n\t\t\t\t<\/div>\n\t\t<div class=\"elementor-element elementor-element-30da090 e-con-full e-flex e-con e-child\" data-id=\"30da090\" data-element_type=\"container\" data-e-type=\"container\">\n\t\t\t\t<div class=\"elementor-element elementor-element-ba0943b elementor-widget elementor-widget-text-editor\" data-id=\"ba0943b\" data-element_type=\"widget\" data-e-type=\"widget\" data-widget_type=\"text-editor.default\">\n\t\t\t\t<div class=\"elementor-widget-container\">\n\t\t\t\t\t\t\t\t\t<p><strong data-start=\"3\" data-end=\"30\">Adh\u00e9rer \u00e0 l\u2019association<\/strong><br data-start=\"30\" data-end=\"33\" \/>En adh\u00e9rant, vous soutenez nos actions, acc\u00e9dez aux ressources r\u00e9serv\u00e9es et participez \u00e0 la vie associative. Adh\u00e9sion annuelle (1er sept. \u2192 31 ao\u00fbt), ouverte \u00e0 tous.<\/p><p><a href=\"https:\/\/www.helloasso.com\/associations\/l-envol-des-possibles-34\/adhesions\/adhesion-2025-2026\" target=\"_blank\" rel=\"noopener\"><strong data-start=\"442\" data-end=\"500\">Adh\u00e9rer via HelloAsso<\/strong><\/a><br \/><iframe id=\"haWidget\" style=\"width: 100%; height: 70px; border: none;\" src=\"https:\/\/www.helloasso.com\/associations\/l-envol-des-possibles-34\/adhesions\/adhesion-2025-2026\/widget-bouton\"> { const dataHeight = e.data.height; const haWidgetElement = document.getElementById(&lsquo;haWidget&rsquo;); haWidgetElement.height = dataHeight + &lsquo;px&rsquo;; } )\u00a0\u00bb &gt;<\/iframe><\/p><p>\u00a0<\/p>\t\t\t\t\t\t\t\t<\/div>\n\t\t\t\t<\/div>\n\t\t\t\t<\/div>\n\t\t<div class=\"elementor-element elementor-element-f9e93de e-con-full e-flex e-con e-child\" data-id=\"f9e93de\" data-element_type=\"container\" data-e-type=\"container\">\n\t\t\t\t<div class=\"elementor-element elementor-element-fa36762 elementor-widget elementor-widget-text-editor\" data-id=\"fa36762\" data-element_type=\"widget\" data-e-type=\"widget\" data-widget_type=\"text-editor.default\">\n\t\t\t\t<div class=\"elementor-widget-container\">\n\t\t\t\t\t\t\t\t\t<p><strong data-start=\"60\" data-end=\"93\">Faire un don, devenir m\u00e9c\u00e8ne.<\/strong><br data-start=\"93\" data-end=\"96\" \/>Soutenez un projet \u00e9ducatif et inclusif : vos dons accompagnent les familles, financent des ateliers et des actions pour les enfants \u00e0 besoins sp\u00e9cifiques.<\/p><p><a href=\"https:\/\/www.helloasso.com\/associations\/l-envol-des-possibles-34\/formulaires\/1\" target=\"_blank\" rel=\"noopener\"><strong data-start=\"544\" data-end=\"607\">Don s\u00e9curis\u00e9 sur HelloAsso<\/strong> <\/a><em data-start=\"608\" data-end=\"654\">(re\u00e7u fiscal disponible)<\/em><\/p>\t\t\t\t\t\t\t\t<\/div>\n\t\t\t\t<\/div>\n\t\t\t\t<\/div>\n\t\t<div class=\"elementor-element elementor-element-3bd4eee e-con-full e-flex e-con e-child\" data-id=\"3bd4eee\" data-element_type=\"container\" data-e-type=\"container\">\n\t\t\t\t<div class=\"elementor-element elementor-element-296bfee elementor-widget elementor-widget-text-editor\" data-id=\"296bfee\" data-element_type=\"widget\" data-e-type=\"widget\" data-widget_type=\"text-editor.default\">\n\t\t\t\t<div class=\"elementor-widget-container\">\n\t\t\t\t\t\t\t\t\t<p class=\"\" data-start=\"86\" data-end=\"394\"><strong data-start=\"3\" data-end=\"23\">Devenir b\u00e9n\u00e9vole<\/strong><br data-start=\"23\" data-end=\"26\" data-is-only-node=\"\" \/>Envie d\u2019agir \u00e0 nos c\u00f4t\u00e9s ?<br data-start=\"52\" data-end=\"55\" \/>Accompagnez des enfants, animez des \u00e9v\u00e9nements ou mettez vos talents au service de notre association.<\/p><p class=\"\" data-start=\"86\" data-end=\"394\"><a href=\"https:\/\/lenvoldespossibles.com\/index.php\/contact\/\"><strong>Contactez-nous<\/strong><\/a><\/p>\t\t\t\t\t\t\t\t<\/div>\n\t\t\t\t<\/div>\n\t\t\t\t<\/div>\n\t\t<div class=\"elementor-element elementor-element-515fd6d e-con-full e-flex e-con e-child\" data-id=\"515fd6d\" data-element_type=\"container\" data-e-type=\"container\">\n\t\t\t\t<div class=\"elementor-element elementor-element-7236ad3 elementor-widget elementor-widget-text-editor\" data-id=\"7236ad3\" data-element_type=\"widget\" data-e-type=\"widget\" data-widget_type=\"text-editor.default\">\n\t\t\t\t<div class=\"elementor-widget-container\">\n\t\t\t\t\t\t\t\t\t<p><strong>P<\/strong><strong data-start=\"3\" data-end=\"44\">artenariat professionnel<\/strong><br data-start=\"44\" data-end=\"47\" data-is-only-node=\"\" \/>Vous \u00eates th\u00e9rapeute, \u00e9ducateur, enseignant sp\u00e9cialis\u00e9&#8230;<br data-start=\"139\" data-end=\"142\" \/>Rejoignez notre r\u00e9seau pluridisciplinaire pour mieux accompagner les enfants \u00e0 besoins sp\u00e9cifiques et leurs familles.<\/p><p><a href=\"https:\/\/lenvoldespossibles.com\/index.php\/contact\/\"><strong>Contactez-nous<\/strong><\/a><\/p>\t\t\t\t\t\t\t\t<\/div>\n\t\t\t\t<\/div>\n\t\t\t\t<\/div>\n\t\t\t\t\t<\/div>\n\t\t\t\t<\/div>\n\t\t<div class=\"elementor-element elementor-element-15885f8 e-con-full e-flex e-con e-parent\" data-id=\"15885f8\" data-element_type=\"container\" data-e-type=\"container\">\n\t\t\t\t<div class=\"elementor-element elementor-element-b9db33a elementor-widget elementor-widget-image\" data-id=\"b9db33a\" data-element_type=\"widget\" data-e-type=\"widget\" data-widget_type=\"image.default\">\n\t\t\t\t<div class=\"elementor-widget-container\">\n\t\t\t\t\t\t\t\t\t\t\t\t\t\t\t<img decoding=\"async\" src=\"https:\/\/lenvoldespossibles.com\/wp-content\/uploads\/2025\/05\/15.jpg\" title=\"tou &#8211; 15\" alt=\"tou - 15\" loading=\"lazy\" \/>\t\t\t\t\t\t\t\t\t\t\t\t\t\t\t<\/div>\n\t\t\t\t<\/div>\n\t\t\t\t<\/div>\n\t\t\t\t<\/div>\n\t\t","protected":false},"excerpt":{"rendered":"<p>Nous rejoindre Avant d&rsquo;adh\u00e9rer, rencontrons-nous!Parents ou professionnels, b\u00e9n\u00e9ficiez d\u2019un \u00e9change gratuit pour poser vos questions, partager votre situation et \u00e9valuer les besoins. Dans la rubrique \u00ab\u00a0R\u00e9server\u00a0\u00bb, choisissez :\u00ab Avant adh\u00e9sion&#8230; \u00bb Adh\u00e9rer \u00e0 l\u2019associationEn adh\u00e9rant, vous soutenez nos actions, acc\u00e9dez aux ressources r\u00e9serv\u00e9es et participez \u00e0 la vie associative. Adh\u00e9sion [&hellip;]<\/p>\n","protected":false},"author":1,"featured_media":0,"parent":0,"menu_order":0,"comment_status":"closed","ping_status":"closed","template":"","meta":{"_monsterinsights_skip_tracking":false,"_monsterinsights_sitenote_active":false,"_monsterinsights_sitenote_note":"","_monsterinsights_sitenote_category":0,"_uf_show_specific_survey":0,"_uf_disable_surveys":false,"footnotes":""},"class_list":["post-29","page","type-page","status-publish","hentry"],"aioseo_notices":[],"_links":{"self":[{"href":"https:\/\/lenvoldespossibles.com\/index.php\/wp-json\/wp\/v2\/pages\/29","targetHints":{"allow":["GET"]}}],"collection":[{"href":"https:\/\/lenvoldespossibles.com\/index.php\/wp-json\/wp\/v2\/pages"}],"about":[{"href":"https:\/\/lenvoldespossibles.com\/index.php\/wp-json\/wp\/v2\/types\/page"}],"author":[{"embeddable":true,"href":"https:\/\/lenvoldespossibles.com\/index.php\/wp-json\/wp\/v2\/users\/1"}],"replies":[{"embeddable":true,"href":"https:\/\/lenvoldespossibles.com\/index.php\/wp-json\/wp\/v2\/comments?post=29"}],"version-history":[{"count":58,"href":"https:\/\/lenvoldespossibles.com\/index.php\/wp-json\/wp\/v2\/pages\/29\/revisions"}],"predecessor-version":[{"id":972,"href":"https:\/\/lenvoldespossibles.com\/index.php\/wp-json\/wp\/v2\/pages\/29\/revisions\/972"}],"wp:attachment":[{"href":"https:\/\/lenvoldespossibles.com\/index.php\/wp-json\/wp\/v2\/media?parent=29"}],"curies":[{"name":"wp","href":"https:\/\/api.w.org\/{rel}","templated":true}]}}